{"id":8181,"date":"2018-04-16T09:17:09","date_gmt":"2018-04-16T09:17:09","guid":{"rendered":"http:\/\/www.chilehalal.com\/?page_id=8181"},"modified":"2024-09-09T14:04:06","modified_gmt":"2024-09-09T18:04:06","slug":"como-certificar","status":"publish","type":"page","link":"https:\/\/www.chilehalal.com\/index.php\/como-certificar\/","title":{"rendered":"C\u00f3mo certificar ?"},"content":{"rendered":"<p>[vc_row][vc_column width=\u00bb1\/4&#8243; css=\u00bb.vc_custom_1523872751350{padding-top: 10px !important;padding-right: 10px !important;padding-bottom: 10px !important;padding-left: 10px !important;background-color: #d3d3d3 !important;}\u00bb][vc_row_inner css=\u00bb.vc_custom_1523872740423{margin-top: 0px !important;margin-right: 0px !important;margin-bottom: 0px !important;margin-left: 0px !important;padding-top: 0px !important;padding-right: 0px !important;padding-bottom: 0px !important;padding-left: 0px !important;}\u00bb][vc_column_inner width=\u00bb1\/3&#8243;][vc_custom_heading text=\u00bb1&#8243; font_container=\u00bbtag:h2|font_size:121px|text_align:right|color:%23ffffff|line_height:1&#8243; google_fonts=\u00bbfont_family:Montserrat%3Aregular%2C700|font_style:700%20bold%20regular%3A700%3Anormal\u00bb css=\u00bb.vc_custom_1523873558802{margin-top: 0px !important;margin-right: 0px !important;margin-bottom: 0px !important;margin-left: 0px !important;padding-top: 0px !important;padding-right: 0px !important;padding-bottom: 0px !important;padding-left: 0px !important;}\u00bb][\/vc_column_inner][vc_column_inner width=\u00bb2\/3&#8243;][vc_empty_space height=\u00bb47px\u00bb][vc_custom_heading text=\u00bbComplete al Formulario\u00bb font_container=\u00bbtag:h2|font_size:21|text_align:left|color:%23ffffff|line_height:21px\u00bb google_fonts=\u00bbfont_family:Montserrat%3Aregular%2C700|font_style:400%20regular%3A400%3Anormal\u00bb link=\u00bburl:http%3A%2F%2Fwww.chilehalal.com%2Findex.php%2Fcomo-certificar-halal%2F|||\u00bb][\/vc_column_inner][\/vc_row_inner][\/vc_column][vc_column width=\u00bb1\/4&#8243; css=\u00bb.vc_custom_1523873105940{padding-top: 10px !important;padding-right: 10px !important;padding-bottom: 10px !important;padding-left: 10px !important;background-color: #b5b5b5 !important;}\u00bb][vc_row_inner css=\u00bb.vc_custom_1523872740423{margin-top: 0px !important;margin-right: 0px !important;margin-bottom: 0px !important;margin-left: 0px !important;padding-top: 0px !important;padding-right: 0px !important;padding-bottom: 0px !important;padding-left: 0px !important;}\u00bb][vc_column_inner width=\u00bb1\/3&#8243;][vc_custom_heading text=\u00bb2&#8243; font_container=\u00bbtag:h2|font_size:121px|text_align:left|color:%23ffffff|line_height:1&#8243; google_fonts=\u00bbfont_family:Montserrat%3Aregular%2C700|font_style:700%20bold%20regular%3A700%3Anormal\u00bb css=\u00bb.vc_custom_1523873119048{margin-top: 0px !important;margin-right: 0px !important;margin-bottom: 0px !important;margin-left: 0px !important;padding-top: 0px !important;padding-right: 0px !important;padding-bottom: 0px !important;padding-left: 0px !important;}\u00bb][\/vc_column_inner][vc_column_inner width=\u00bb2\/3&#8243;][vc_empty_space height=\u00bb30px\u00bb][vc_custom_heading text=\u00bbEnviar Documentos Solicitados\u00bb font_container=\u00bbtag:h2|font_size:21|text_align:left|color:%23ffffff|line_height:21px\u00bb google_fonts=\u00bbfont_family:Montserrat%3Aregular%2C700|font_style:400%20regular%3A400%3Anormal\u00bb link=\u00bburl:http%3A%2F%2Fwww.chilehalal.com%2Findex.php%2Fcomo-certificar-halal%2F|||\u00bb][\/vc_column_inner][\/vc_row_inner][\/vc_column][vc_column width=\u00bb1\/4&#8243; css=\u00bb.vc_custom_1523873415943{padding-top: 10px !important;padding-right: 10px !important;padding-bottom: 10px !important;padding-left: 10px !important;background-color: #7a7a7a !important;}\u00bb][vc_row_inner css=\u00bb.vc_custom_1523872740423{margin-top: 0px !important;margin-right: 0px !important;margin-bottom: 0px !important;margin-left: 0px !important;padding-top: 0px !important;padding-right: 0px !important;padding-bottom: 0px !important;padding-left: 0px !important;}\u00bb][vc_column_inner width=\u00bb1\/3&#8243;][vc_custom_heading text=\u00bb3&#8243; font_container=\u00bbtag:h2|font_size:121px|text_align:left|color:%23ffffff|line_height:1&#8243; google_fonts=\u00bbfont_family:Montserrat%3Aregular%2C700|font_style:700%20bold%20regular%3A700%3Anormal\u00bb css=\u00bb.vc_custom_1523873388237{margin-top: 0px !important;margin-right: 0px !important;margin-bottom: 0px !important;margin-left: 0px !important;padding-top: 0px !important;padding-right: 0px !important;padding-bottom: 0px !important;padding-left: 0px !important;}\u00bb][\/vc_column_inner][vc_column_inner width=\u00bb2\/3&#8243;][vc_empty_space height=\u00bb30px\u00bb][vc_custom_heading text=\u00bbCoordinar la visita del auditor\u00bb font_container=\u00bbtag:h2|font_size:21|text_align:left|color:%23ffffff|line_height:21px\u00bb google_fonts=\u00bbfont_family:Montserrat%3Aregular%2C700|font_style:400%20regular%3A400%3Anormal\u00bb link=\u00bburl:http%3A%2F%2Fwww.chilehalal.com%2Findex.php%2Fcomo-certificar-halal%2F|||\u00bb][\/vc_column_inner][\/vc_row_inner][\/vc_column][vc_column width=\u00bb1\/4&#8243; css=\u00bb.vc_custom_1523873598865{padding-top: 10px !important;padding-right: 10px !important;padding-bottom: 10px !important;padding-left: 10px !important;background-color: #5b5b5b !important;}\u00bb][vc_row_inner css=\u00bb.vc_custom_1523872740423{margin-top: 0px !important;margin-right: 0px !important;margin-bottom: 0px !important;margin-left: 0px !important;padding-top: 0px !important;padding-right: 0px !important;padding-bottom: 0px !important;padding-left: 0px !important;}\u00bb][vc_column_inner width=\u00bb1\/3&#8243;][vc_custom_heading text=\u00bb4&#8243; font_container=\u00bbtag:h2|font_size:121px|text_align:left|color:%23ffffff|line_height:1&#8243; google_fonts=\u00bbfont_family:Montserrat%3Aregular%2C700|font_style:700%20bold%20regular%3A700%3Anormal\u00bb css=\u00bb.vc_custom_1523873462272{margin-top: 0px !important;margin-right: 0px !important;margin-bottom: 0px !important;margin-left: 0px !important;padding-top: 0px !important;padding-right: 0px !important;padding-bottom: 0px !important;padding-left: 0px !important;}\u00bb][\/vc_column_inner][vc_column_inner width=\u00bb2\/3&#8243;][vc_empty_space height=\u00bb30px\u00bb][vc_custom_heading text=\u00bbRecibe tu certificado\u00bb font_container=\u00bbtag:h2|font_size:21|text_align:left|color:%23ffffff|line_height:21px\u00bb google_fonts=\u00bbfont_family:Montserrat%3Aregular%2C700|font_style:400%20regular%3A400%3Anormal\u00bb link=\u00bburl:http%3A%2F%2Fwww.chilehalal.com%2Findex.php%2Fcomo-certificar-halal%2F|||\u00bb][\/vc_column_inner][\/vc_row_inner][\/vc_column][\/vc_row][vc_row][vc_column][vc_empty_space height=\u00bb40px\u00bb][vc_custom_heading text=\u00bbCONDICIONES PARA OBTENER UN CERTIFICADO HALAL \u00bb font_container=\u00bbtag:h2|text_align:center\u00bb google_fonts=\u00bbfont_family:Montserrat%3Aregular%2C700|font_style:400%20regular%3A400%3Anormal\u00bb][vc_column_text]Es importante informar que no certificamos empresas como tal, sino que sus productos sin l\u00edmite de categor\u00edas, sin embargo, no pueden contener ingredientes de origen animal no halal, de ser as\u00ed debe contar con un certificado \u201cHalal\u201d, Organismo Certificador reconocido por ChileHalal o uno de sus socios.<\/p>\n<p>Se emitir\u00e1 un certificado con el detalle de productos certificados por ChileHalal, v\u00e1lido s\u00f3lo para los productos que han sido contemplados en el proceso de Certificaci\u00f3n Halal. (La cantidad de productos certificados no influye en el valor final).<\/p>\n<p>Con anterioridad a la visita de nuestros auditores, es necesario presentar lo siguiente:<\/p>\n<ul>\n<li>Solicitud de auditor\u00eda Halal (PDF u online)<\/li>\n<li>Listado de productos a certificar<\/li>\n<li>Diagrama de flujo del proceso<\/li>\n<li>Fichas t\u00e9cnicas de los productos<\/li>\n<li>Certificados Halal si sus productos contienen gelatinas, enzimas o aditivos de origen animal.<\/li>\n<li>Etiquetas de sus productos (PDF o JPG)<\/li>\n<li>Fotograf\u00edas de sus productos (PDF o JPG)<\/li>\n<li>Informe t\u00e9cnico de la planta de proceso<\/li>\n<li>Certificados org\u00e1nicos que puedan facilitar el proceso de certificaci\u00f3n si los tuviese<\/li>\n<li>Comprobante de pago<\/li>\n<\/ul>\n<p><span style=\"color: #333333;\"><strong>Quejas y Reclamaciones:<\/strong> Mantener una retroalimentaci\u00f3n con los clientes y otras partes interesadas, de tal forma atender sus reclamos, apelaciones o sugerencias. Promover de esta manera el mejoramiento continuo del Sistema de Gesti\u00f3n de Calidad es nuestra misi\u00f3n, para ello CHILEHALAL ha establecido el PG06 Procedimiento Reclamos y Apelaciones y puede ser solicitado al correo <em><strong>gerencia@chilehalal.com<\/strong><\/em><\/span><\/p>\n<p>&nbsp;[\/vc_column_text][\/vc_column][\/vc_row][vc_row][vc_column][vc_empty_space height=\u00bb22px\u00bb][vc_custom_heading text=\u00bbLos productos que certificamos :\u00bb font_container=\u00bbtag:h2|text_align:center\u00bb google_fonts=\u00bbfont_family:Montserrat%3Aregular%2C700|font_style:400%20regular%3A400%3Anormal\u00bb][vc_empty_space height=\u00bb22px\u00bb][\/vc_column][\/vc_row][vc_row][vc_column css_animation=\u00bbfadeInLeft\u00bb width=\u00bb1\/3&#8243; css=\u00bb.vc_custom_1523871577678{padding-top: 20px !important;padding-right: 20px !important;padding-bottom: 20px !important;padding-left: 20px !important;background-color: #ee1c25 !important;}\u00bb][vc_single_image image=\u00bb8214&#8243; img_size=\u00bbfull\u00bb alignment=\u00bbcenter\u00bb css=\u00bb.vc_custom_1523878358118{margin-top: 0px !important;margin-right: 0px !important;margin-bottom: 10px !important;margin-left: 0px !important;padding-top: 0px !important;padding-right: 0px !important;padding-bottom: 0px !important;padding-left: 0px !important;}\u00bb][vc_column_text css=\u00bb.vc_custom_1523878413741{margin-top: 0px !important;margin-right: 0px !important;margin-bottom: 0px !important;margin-left: 0px !important;padding-top: 5px !important;padding-right: 0px !important;padding-bottom: 0px !important;padding-left: 0px !important;}\u00bb]<\/p>\n<p style=\"text-align: center;\"><span style=\"color: #f0f0f0;\"> Ovinos, Bovinos, Caprinos, Aves de corral, Camelidos, &#8230;<\/span><\/p>\n<p>[\/vc_column_text][\/vc_column][vc_column css_animation=\u00bbfadeInDown\u00bb width=\u00bb1\/3&#8243; css=\u00bb.vc_custom_1523871568929{padding-top: 20px !important;padding-right: 20px !important;padding-bottom: 20px !important;padding-left: 20px !important;background-color: #f89679 !important;}\u00bb][vc_single_image image=\u00bb7855&#8243; img_size=\u00bbfull\u00bb alignment=\u00bbcenter\u00bb css=\u00bb.vc_custom_1523870903972{margin-top: 0px !important;margin-right: 0px !important;margin-bottom: 10px !important;margin-left: 0px !important;padding-top: 0px !important;padding-right: 0px !important;padding-bottom: 0px !important;padding-left: 0px !important;}\u00bb][vc_column_text css=\u00bb.vc_custom_1523878432560{margin-top: 0px !important;margin-right: 0px !important;margin-bottom: 0px !important;margin-left: 0px !important;padding-top: 5px !important;padding-right: 0px !important;padding-bottom: 0px !important;padding-left: 0px !important;}\u00bb]<\/p>\n<p style=\"text-align: center;\"><span style=\"color: #f0f0f0;\"> Aceite vegetal (Olivo, Canola&#8230;), aceite y grasas de origen animal \u00abHalal\u00bb, &#8230;<\/span><\/p>\n<p>[\/vc_column_text][\/vc_column][vc_column css_animation=\u00bbfadeInRight\u00bb width=\u00bb1\/3&#8243; css=\u00bb.vc_custom_1523878720998{padding-top: 20px !important;padding-right: 20px !important;padding-bottom: 20px !important;padding-left: 20px !important;background-color: #01c561 !important;}\u00bb][vc_single_image image=\u00bb8216&#8243; img_size=\u00bbfull\u00bb alignment=\u00bbcenter\u00bb css=\u00bb.vc_custom_1523878384625{margin-top: 0px !important;margin-right: 0px !important;margin-bottom: 10px !important;margin-left: 0px !important;padding-top: 0px !important;padding-right: 0px !important;padding-bottom: 0px !important;padding-left: 0px !important;}\u00bb][vc_column_text css=\u00bb.vc_custom_1523878609944{margin-top: 0px !important;margin-right: 0px !important;margin-bottom: 0px !important;margin-left: 0px !important;padding-top: 5px !important;padding-right: 0px !important;padding-bottom: 0px !important;padding-left: 0px !important;}\u00bb]<\/p>\n<p style=\"text-align: center;\"><span style=\"color: #f0f0f0;\">Capsulas, aditivos, glicerina, cremas, hidratantes, perfume, champ\u00fas..<\/span><\/p>\n<p>[\/vc_column_text][\/vc_column][\/vc_row][vc_row][vc_column css_animation=\u00bbfadeInUp\u00bb width=\u00bb1\/3&#8243; css=\u00bb.vc_custom_1523871613307{padding-top: 20px !important;padding-right: 20px !important;padding-bottom: 20px !important;padding-left: 20px !important;background-color: #666666 !important;}\u00bb][vc_single_image image=\u00bb7858&#8243; img_size=\u00bbfull\u00bb alignment=\u00bbcenter\u00bb css=\u00bb.vc_custom_1523871068306{margin-top: 0px !important;margin-right: 0px !important;margin-bottom: 10px !important;margin-left: 0px !important;padding-top: 0px !important;padding-right: 0px !important;padding-bottom: 0px !important;padding-left: 0px !important;}\u00bb][vc_column_text css=\u00bb.vc_custom_1523878474441{margin-top: 0px !important;margin-right: 0px !important;margin-bottom: 0px !important;margin-left: 0px !important;padding-top: 5px !important;padding-right: 0px !important;padding-bottom: 0px !important;padding-left: 0px !important;}\u00bb]<\/p>\n<p style=\"text-align: center;\"><span style=\"color: #f0f0f0;\">Alimentos preparados a base de productos Halal, catering, sopas, salsas&#8230; <\/span><\/p>\n<p>[\/vc_column_text][\/vc_column][vc_column css_animation=\u00bbfadeIn\u00bb width=\u00bb1\/3&#8243; css=\u00bb.vc_custom_1523871585001{padding-top: 20px !important;padding-right: 20px !important;padding-bottom: 20px !important;padding-left: 20px !important;background-color: #00bff3 !important;}\u00bb][vc_single_image image=\u00bb7862&#8243; img_size=\u00bbfull\u00bb alignment=\u00bbcenter\u00bb css=\u00bb.vc_custom_1523871124432{margin-top: 0px !important;margin-right: 0px !important;margin-bottom: 10px !important;margin-left: 0px !important;padding-top: 0px !important;padding-right: 0px !important;padding-bottom: 0px !important;padding-left: 0px !important;}\u00bb][vc_column_text css=\u00bb.vc_custom_1523878491354{margin-top: 0px !important;margin-right: 0px !important;margin-bottom: 0px !important;margin-left: 0px !important;padding-top: 5px !important;padding-right: 0px !important;padding-bottom: 0px !important;padding-left: 0px !important;}\u00bb]<\/p>\n<p style=\"text-align: center;\"><span style=\"color: #f0f0f0;\">Pescados y mariscos procesados, algas procesadas, gaster\u00f3podos, gelatinas&#8230;<\/span><\/p>\n<p>[\/vc_column_text][\/vc_column][vc_column css_animation=\u00bbfadeInRight\u00bb width=\u00bb1\/3&#8243; css=\u00bb.vc_custom_1523871553321{padding-top: 20px !important;padding-right: 20px !important;padding-bottom: 20px !important;padding-left: 20px !important;background-color: #9d0b0e !important;}\u00bb][vc_single_image image=\u00bb8215&#8243; img_size=\u00bbfull\u00bb alignment=\u00bbcenter\u00bb css=\u00bb.vc_custom_1523878372220{margin-top: 0px !important;margin-right: 0px !important;margin-bottom: 10px !important;margin-left: 0px !important;padding-top: 0px !important;padding-right: 0px !important;padding-bottom: 0px !important;padding-left: 0px !important;}\u00bb][vc_column_text css=\u00bb.vc_custom_1523878523666{margin-top: 0px !important;margin-right: 0px !important;margin-bottom: 0px !important;margin-left: 0px !important;padding-top: 5px !important;padding-right: 0px !important;padding-bottom: 0px !important;padding-left: 0px !important;}\u00bb]<\/p>\n<p style=\"text-align: center;\"><span style=\"color: #f0f0f0;\"> Condimentos 100% vegetal, cereales procesadas&#8230;<\/span><\/p>\n<p>[\/vc_column_text][\/vc_column][\/vc_row][vc_row][vc_column css_animation=\u00bbfadeInUp\u00bb width=\u00bb1\/3&#8243; css=\u00bb.vc_custom_1523871527717{padding-top: 20px !important;padding-right: 20px !important;padding-bottom: 20px !important;padding-left: 20px !important;background-color: #f8931d !important;}\u00bb][vc_single_image image=\u00bb7856&#8243; img_size=\u00bbfull\u00bb alignment=\u00bbcenter\u00bb css=\u00bb.vc_custom_1523871207184{margin-top: 0px !important;margin-right: 0px !important;margin-bottom: 10px !important;margin-left: 0px !important;padding-top: 0px !important;padding-right: 0px !important;padding-bottom: 0px !important;padding-left: 0px !important;}\u00bb][vc_column_text css=\u00bb.vc_custom_1524043326083{margin-top: 0px !important;margin-right: 0px !important;margin-bottom: 0px !important;margin-left: 0px !important;padding-top: 5px !important;padding-right: 0px !important;padding-bottom: 0px !important;padding-left: 0px !important;}\u00bb]<\/p>\n<p style=\"text-align: center;\"><span style=\"color: #f0f0f0;\">Frutas procesadas, concentrados de frutas, jugos concentrados, jarabes,<br \/>\n<\/span><\/p>\n<p>[\/vc_column_text][\/vc_column][vc_column css_animation=\u00bbfadeInUp\u00bb width=\u00bb1\/3&#8243; css=\u00bb.vc_custom_1523871535039{padding-top: 20px !important;padding-right: 20px !important;padding-bottom: 20px !important;padding-left: 20px !important;background-color: #0077a2 !important;}\u00bb][vc_single_image image=\u00bb7861&#8243; img_size=\u00bbfull\u00bb alignment=\u00bbcenter\u00bb css=\u00bb.vc_custom_1523871288326{margin-top: 0px !important;margin-right: 0px !important;margin-bottom: 10px !important;margin-left: 0px !important;padding-top: 0px !important;padding-right: 0px !important;padding-bottom: 0px !important;padding-left: 0px !important;}\u00bb][vc_column_text css=\u00bb.vc_custom_1566669471136{margin-top: 0px !important;margin-right: 0px !important;margin-bottom: 0px !important;margin-left: 0px !important;padding-top: 5px !important;padding-right: 0px !important;padding-bottom: 0px !important;padding-left: 0px !important;}\u00bb]<\/p>\n<p style=\"text-align: center;\"><span style=\"color: #f0f0f0;\">Quesos con cuajo de origen vegetal o animal (halal), leches en polvo, cremas&#8230;<\/span><\/p>\n<p>[\/vc_column_text][\/vc_column][vc_column css_animation=\u00bbfadeInUp\u00bb width=\u00bb1\/3&#8243; css=\u00bb.vc_custom_1523878741174{padding-top: 20px !important;padding-right: 20px !important;padding-bottom: 20px !important;padding-left: 20px !important;background-color: #ee145b !important;}\u00bb][vc_single_image image=\u00bb7860&#8243; img_size=\u00bbfull\u00bb alignment=\u00bbcenter\u00bb css=\u00bb.vc_custom_1523870977177{margin-top: 0px !important;margin-right: 0px !important;margin-bottom: 10px !important;margin-left: 0px !important;padding-top: 0px !important;padding-right: 0px !important;padding-bottom: 0px !important;padding-left: 0px !important;}\u00bb][vc_column_text css=\u00bb.vc_custom_1566669530157{margin-top: 0px !important;margin-right: 0px !important;margin-bottom: 0px !important;margin-left: 0px !important;padding-top: 5px !important;padding-right: 0px !important;padding-bottom: 0px !important;padding-left: 0px !important;}\u00bb]<\/p>\n<p style=\"text-align: center;\"><span style=\"color: #f0f0f0;\">Confites con ingredientes 100% Halal, cacao, concentrados de frutas, gelatinas&#8230;<\/span><\/p>\n<p>[\/vc_column_text][\/vc_column][\/vc_row]<\/p>\n","protected":false},"excerpt":{"rendered":"<p>[vc_row][vc_column width=\u00bb1\/4&#8243; css=\u00bb.vc_custom_1523872751350{padding-top: 10px !important;padding-right: 10px !important;padding-bottom: 10px !important;padding-left: 10px !important;background-color: #d3d3d3 !important;}\u00bb][vc_row_inner css=\u00bb.vc_custom_1523872740423{margin-top: 0px !important;margin-right: 0px !important;margin-bottom: 0px !important;margin-left: 0px !important;padding-top: 0px !important;padding-right: 0px !important;padding-bottom: 0px !important;padding-left: 0px !important;}\u00bb][vc_column_inner width=\u00bb1\/3&#8243;][vc_custom_heading text=\u00bb1&#8243; font_container=\u00bbtag:h2|font_size:121px|text_align:right|color:%23ffffff|line_height:1&#8243; google_fonts=\u00bbfont_family:Montserrat%3Aregular%2C700|font_style:700%20bold%20regular%3A700%3Anormal\u00bb css=\u00bb.vc_custom_1523873558802{margin-top: 0px !important;margin-right: 0px !important;margin-bottom: 0px !important;margin-left: 0px !important;padding-top: 0px !important;padding-right: 0px !important;padding-bottom: 0px !important;padding-left: 0px !important;}\u00bb][\/vc_column_inner][vc_column_inner width=\u00bb2\/3&#8243;][vc_empty_space height=\u00bb47px\u00bb][vc_custom_heading text=\u00bbComplete al&hellip;<\/p>\n","protected":false},"author":6,"featured_media":0,"parent":0,"menu_order":0,"comment_status":"closed","ping_status":"closed","template":"","meta":[],"class_list":["post-8181","page","type-page","status-publish","hentry","description-off"],"_links":{"self":[{"href":"https:\/\/www.chilehalal.com\/index.php\/wp-json\/wp\/v2\/pages\/8181","targetHints":{"allow":["GET"]}}],"collection":[{"href":"https:\/\/www.chilehalal.com\/index.php\/wp-json\/wp\/v2\/pages"}],"about":[{"href":"https:\/\/www.chilehalal.com\/index.php\/wp-json\/wp\/v2\/types\/page"}],"author":[{"embeddable":true,"href":"https:\/\/www.chilehalal.com\/index.php\/wp-json\/wp\/v2\/users\/6"}],"replies":[{"embeddable":true,"href":"https:\/\/www.chilehalal.com\/index.php\/wp-json\/wp\/v2\/comments?post=8181"}],"version-history":[{"count":46,"href":"https:\/\/www.chilehalal.com\/index.php\/wp-json\/wp\/v2\/pages\/8181\/revisions"}],"predecessor-version":[{"id":15382,"href":"https:\/\/www.chilehalal.com\/index.php\/wp-json\/wp\/v2\/pages\/8181\/revisions\/15382"}],"wp:attachment":[{"href":"https:\/\/www.chilehalal.com\/index.php\/wp-json\/wp\/v2\/media?parent=8181"}],"curies":[{"name":"wp","href":"https:\/\/api.w.org\/{rel}","templated":true}]}}