{"id":8114,"date":"2018-04-12T15:02:54","date_gmt":"2018-04-12T15:02:54","guid":{"rendered":"http:\/\/www.chilehalal.com\/?page_id=8114"},"modified":"2024-11-26T16:29:00","modified_gmt":"2024-11-26T20:29:00","slug":"una-red-internacional","status":"publish","type":"page","link":"https:\/\/www.chilehalal.com\/index.php\/una-red-internacional\/","title":{"rendered":"Una Red Internacional"},"content":{"rendered":"<p>[vc_row][vc_column][vc_column_text]<strong>REDES Y NORMAS INTERNACIONALES<\/strong><\/p>\n<p>Contar con una certificaci\u00f3n halal reconocida mejora la calidad de procesos, productos y servicios, aumentando la competitividad y diferenciaci\u00f3n en el mercado. Esta distinci\u00f3n no solo incrementa las ventas, sino que tambi\u00e9n abre puertas a un mercado potencial de m\u00e1s de 2 mil millones de consumidores a nivel mundial.<\/p>\n<p>El reconocimiento internacional de ChileHalal se basa en la capacitaci\u00f3n profesional en est\u00e1ndares como, FSSC22000, HACCP, GSO, ISO17065: 2012, ISO\/IEC, ISO17025, BPJPH, N.H.L.A 3.0, ISO17021-1:2015, ISO19011: 2018 entre otras, y nuestra b\u00fasqueda constante de mejora en el departamento de calidad. A trav\u00e9s de nuestras asociaciones globales, aseguramos un acceso inmediato a las industrias chilenas en el mercado halal, potenciando su \u00e9xito en un mundo cada vez m\u00e1s conectado.<\/p>\n<p><img loading=\"lazy\" decoding=\"async\" src=\"https:\/\/www.chilehalal.com\/wp-content\/uploads\/2021\/11\/COMITE-HALAL-2021-25-960x583.jpg\" sizes=\"auto, (max-width: 960px) 100vw, 960px\" srcset=\"https:\/\/www.chilehalal.com\/wp-content\/uploads\/2021\/11\/COMITE-HALAL-2021-25-960x583.jpg 960w, https:\/\/www.chilehalal.com\/wp-content\/uploads\/2021\/11\/COMITE-HALAL-2021-25-595x361.jpg 595w, https:\/\/www.chilehalal.com\/wp-content\/uploads\/2021\/11\/COMITE-HALAL-2021-25-768x466.jpg 768w, https:\/\/www.chilehalal.com\/wp-content\/uploads\/2021\/11\/COMITE-HALAL-2021-25-1536x933.jpg 1536w, https:\/\/www.chilehalal.com\/wp-content\/uploads\/2021\/11\/COMITE-HALAL-2021-25-2048x1244.jpg 2048w\" alt=\"\" width=\"960\" height=\"583\" \/><\/p>\n<p>\u00abTeam Members &#8211; Team with Slider\u00bb<\/p>\n<p><img loading=\"lazy\" decoding=\"async\" title=\"gerardo-gonzalez-ok\" src=\"https:\/\/www.chilehalal.com\/wp-content\/uploads\/elementor\/thumbs\/gerardo-gonzalez-ok-1-ozmoew14ojphq5nv014wk10it8c5havx1nwnlj673s.png\" alt=\"gerardo-gonzalez-ok\" width=\"140\" height=\"140\" \/><br \/>\n<!-- .lae-social-list --><br \/>\n<!-- .lae-social-wrap --><br \/>\n<!-- .lae-image-wrapper --><\/p>\n<h6>Sr GERARDO GONZALEZ<\/h6>\n<p>Directorio<br \/>\nRelaciones Publicas, administraci\u00f3n GENIUS COMPANY<br \/>\n<!-- .lae-team-member-text --><br \/>\n<!-- .lae-team-member --><br \/>\n<!-- .lae-team-member-wrapper --><br \/>\n<img loading=\"lazy\" decoding=\"async\" title=\"rachid-gacem-ok\" src=\"https:\/\/www.chilehalal.com\/wp-content\/uploads\/elementor\/thumbs\/rachid-gacem-ok-ozmoew14ojphq5nv014wk10it8c5havx1nwnlj673s.png\" alt=\"rachid-gacem-ok\" width=\"140\" height=\"140\" \/><br \/>\n<!-- .lae-social-list --><br \/>\n<!-- .lae-social-wrap --><br \/>\n<!-- .lae-image-wrapper --><\/p>\n<h6>Mr Rachid Gacem<\/h6>\n<p>Chilehalal Europa<br \/>\nRepresentante Chilehalal en ASEAN y Medio Oriente<br \/>\n<!-- .lae-team-member-text --><br \/>\n<!-- .lae-team-member --><br \/>\n<!-- .lae-team-member-wrapper --><br \/>\n<img loading=\"lazy\" decoding=\"async\" title=\"MR-HIDALGO\" src=\"https:\/\/www.chilehalal.com\/wp-content\/uploads\/elementor\/thumbs\/MR-HIDALGO-pulyxrq3qr6s7o3cxsm1n3wj90nlzendcvzyao6um0.jpg\" alt=\"MR-HIDALGO\" width=\"140\" height=\"140\" \/><br \/>\n<!-- .lae-social-list --><br \/>\n<!-- .lae-social-wrap --><br \/>\n<!-- .lae-image-wrapper --><\/p>\n<h6>Pr Abdelnour Hidalgo<\/h6>\n<p>Gerencia General<br \/>\nGerente General H.F.I y Centro de Certificaci\u00f3n Halal de Chile<br \/>\n<!-- .lae-team-member-text --><br \/>\n<!-- .lae-team-member --><br \/>\n<!-- .lae-team-member-wrapper --><br \/>\n<img loading=\"lazy\" decoding=\"async\" title=\"juan-saud\" src=\"https:\/\/www.chilehalal.com\/wp-content\/uploads\/elementor\/thumbs\/juan-saud-ozmoew14ojphq5nv014wk10it8c5havx1nwnlj673s.png\" alt=\"juan-saud\" width=\"140\" height=\"140\" \/><br \/>\n<!-- .lae-social-list --><br \/>\n<!-- .lae-social-wrap --><br \/>\n<!-- .lae-image-wrapper --><\/p>\n<h6>Juan Saud BAQUERI<\/h6>\n<p>Director<br \/>\nRepresentante Centro de Certificaci\u00f3n Halal Ecuador, Auditorias<br \/>\n<!-- .lae-team-member-text --><br \/>\n<!-- .lae-team-member --><br \/>\n<!-- .lae-team-member-wrapper --><br \/>\n<img loading=\"lazy\" decoding=\"async\" title=\"BURAK-OZBILGI\" src=\"https:\/\/www.chilehalal.com\/wp-content\/uploads\/elementor\/thumbs\/BURAK-OZBILGI-pumhl4y75s8mp2w7mhw526vtplkksoxinujz6iqwe0.jpg\" alt=\"BURAK-OZBILGI\" width=\"140\" height=\"140\" \/><br \/>\n<!-- .lae-social-list --><br \/>\n<!-- .lae-social-wrap --><br \/>\n<!-- .lae-image-wrapper --><\/p>\n<h6>Lic BURAK OZBILGI<\/h6>\n<p>Departamento Halal<br \/>\nIng Agronomo y Procesos de Alimentos, Universidad de Ankara<br \/>\n<!-- .lae-team-member-text --><br \/>\n<!-- .lae-team-member --><br \/>\n<!-- .lae-team-member-wrapper --><br \/>\n<img loading=\"lazy\" decoding=\"async\" title=\"sonia-ok\" src=\"https:\/\/www.chilehalal.com\/wp-content\/uploads\/elementor\/thumbs\/sonia-ok-ozmoew14ojphq5nv014wk10it8c5havx1nwnlj673s.png\" alt=\"sonia-ok\" width=\"140\" height=\"140\" \/><br \/>\n<!-- .lae-social-list --><br \/>\n<!-- .lae-social-wrap --><br \/>\n<!-- .lae-image-wrapper --><\/p>\n<h6>SONIA AMANDA VALDES<\/h6>\n<p>Gerente de Finanzas<br \/>\nDepartamento Finanzas para Chilehalal y H.F.I<br \/>\n<!-- .lae-team-member-text --><br \/>\n<!-- .lae-team-member --><br \/>\n<!-- .lae-team-member-wrapper --><br \/>\n<img loading=\"lazy\" decoding=\"async\" title=\"Captura de Pantalla 2022-09-11 a las 19.26.47\" src=\"https:\/\/www.chilehalal.com\/wp-content\/uploads\/elementor\/thumbs\/Captura-de-Pantalla-2022-09-11-a-las-19.26.47-pumjofsqnzbkshijx1o6t6t6wuf5frveck0b8j3hx4.png\" alt=\"Captura de Pantalla 2022-09-11 a las 19.26.47\" width=\"140\" height=\"140\" \/><br \/>\n<!-- .lae-social-list --><br \/>\n<!-- .lae-social-wrap --><br \/>\n<!-- .lae-image-wrapper --><\/p>\n<h6>SR ALI GUTIERREZ<\/h6>\n<p>Departamento Halal<br \/>\nAuditor\/ Matarife, Halal en los Frigorificos de Coyhaique-CHILE<br \/>\n<!-- .lae-team-member-text --><br \/>\n<!-- .lae-team-member --><br \/>\n<!-- .lae-team-member-wrapper --><br \/>\n<img loading=\"lazy\" decoding=\"async\" title=\"Captura de Pantalla 2022-09-11 a las 20.11.44\" src=\"https:\/\/www.chilehalal.com\/wp-content\/uploads\/elementor\/thumbs\/Captura-de-Pantalla-2022-09-11-a-las-20.11.44-pumlu38r99mbwsq0hm0nsle1krorbm54cw6chfynw8.png\" alt=\"Captura de Pantalla 2022-09-11 a las 20.11.44\" width=\"140\" height=\"140\" \/><br \/>\n<!-- .lae-social-list --><br \/>\n<!-- .lae-social-wrap --><br \/>\n<!-- .lae-image-wrapper --><\/p>\n<h6>Sr LOKMAN LUCIO PEREZ<\/h6>\n<p>Departamento Halal<br \/>\nAuditor\/ Matarife, Halal en los Frigorificos de OSORNO-CHILE<br \/>\n<!-- .lae-team-member-text --><br \/>\n<!-- .lae-team-member --><br \/>\n<!-- .lae-team-member-wrapper --><br \/>\n<img loading=\"lazy\" decoding=\"async\" title=\"fares-ok\" src=\"https:\/\/www.chilehalal.com\/wp-content\/uploads\/elementor\/thumbs\/fares-ok-ozmoew14ojphq5nv014wk10it8c5havx1nwnlj673s.png\" alt=\"fares-ok\" width=\"140\" height=\"140\" \/><br \/>\n<!-- .lae-social-list --><br \/>\n<!-- .lae-social-wrap --><br \/>\n<!-- .lae-image-wrapper --><\/p>\n<h6>Sr FARES ALVARO ORDEIX<\/h6>\n<p>Departamento Halal<br \/>\nAuditor\/ Matarife, Halal en los Frigorificos de Valdivia-CHILE<br \/>\n<!-- .lae-team-member-text --><br \/>\n<!-- .lae-team-member --><br \/>\n<!-- .lae-team-member-wrapper --><br \/>\n<img loading=\"lazy\" decoding=\"async\" title=\"omar-ok\" src=\"https:\/\/www.chilehalal.com\/wp-content\/uploads\/elementor\/thumbs\/omar-ok-ozmoew14ojphq5nv014wk10it8c5havx1nwnlj673s.png\" alt=\"omar-ok\" width=\"140\" height=\"140\" \/><br \/>\n<!-- .lae-social-list --><br \/>\n<!-- .lae-social-wrap --><br \/>\n<!-- .lae-image-wrapper --><\/p>\n<h6>Sr Omar Leonardo Inostroza<\/h6>\n<p>Departamento Halal<br \/>\nAuditor y encargado del ritual Halal en Frigorificos<br \/>\n<!-- .lae-team-member-text --><!-- .lae-team-member --><\/p>\n<p>Departamento Halal<br \/>\nDetails about team member<br \/>\n<!-- .lae-team-member-text --><br \/>\n<!-- .lae-team-member --><br \/>\n<!-- .lae-team-member-wrapper --><br \/>\n<img loading=\"lazy\" decoding=\"async\" title=\"issa-garcia-chilehalal\" src=\"https:\/\/www.chilehalal.com\/wp-content\/uploads\/elementor\/thumbs\/issa-garcia-chilehalal-ozmoew14ojphq5nv014wk10it8c5havx1nwnlj673s.jpg\" alt=\"issa-garcia-chilehalal\" width=\"140\" height=\"140\" \/><br \/>\n<!-- .lae-social-list --><br \/>\n<!-- .lae-social-wrap --><br \/>\n<!-- .lae-image-wrapper --><\/p>\n<h6>Pr ISA GARCIA<\/h6>\n<p>Dep Jurisprudencia<br \/>\nReferente Halal en Colombia<br \/>\n<!-- .lae-team-member-text --><br \/>\n<!-- .lae-team-member --><br \/>\n<!-- .lae-team-member-wrapper --><br \/>\n<img loading=\"lazy\" decoding=\"async\" title=\"MATHIAS ALI\" src=\"https:\/\/www.chilehalal.com\/wp-content\/uploads\/elementor\/thumbs\/MATHIAS-ALI-ozmof6dcrq3n9v8ubnlstgelcgx6tz0yr32zvkqv7c.jpeg\" alt=\"MATHIAS ALI\" width=\"140\" height=\"140\" \/><br \/>\n<!-- .lae-social-list --><br \/>\n<!-- .lae-social-wrap --><br \/>\n<!-- .lae-image-wrapper --><\/p>\n<h6>SR ALI MATIAS MOLINA<\/h6>\n<p>Departamento Halal<br \/>\nAuditor\/ Matarife, Halal en los Frigorificos<br \/>\n<!-- .lae-team-member-text --><br \/>\n<!-- .lae-team-member --><br \/>\n<!-- .lae-team-member-wrapper --><br \/>\n<img loading=\"lazy\" decoding=\"async\" title=\"Captura de Pantalla 2022-09-11 a las 20.24.28\" src=\"https:\/\/www.chilehalal.com\/wp-content\/uploads\/elementor\/thumbs\/Captura-de-Pantalla-2022-09-11-a-las-20.24.28-pumm61qu7dznm7cons3sikr5n8qv8zm6o2yqa68cqg.png\" alt=\"Captura de Pantalla 2022-09-11 a las 20.24.28\" width=\"140\" height=\"140\" \/><br \/>\n<!-- .lae-social-list --><br \/>\n<!-- .lae-social-wrap --><br \/>\n<!-- .lae-image-wrapper --><\/p>\n<h6>sr Imran Mohamed<\/h6>\n<p>Departamento Halal<br \/>\nAuditor\/ Matarife, Halal en los Frigorificos<br \/>\n<!-- .lae-team-member-text --><br \/>\n<!-- .lae-team-member --><br \/>\n<!-- .lae-team-member-wrapper --><br \/>\n<img loading=\"lazy\" decoding=\"async\" title=\"adelatef-ok\" src=\"https:\/\/www.chilehalal.com\/wp-content\/uploads\/elementor\/thumbs\/adelatef-ok-ozmoew14ojphq5nv014wk10it8c5havx1nwnlj673s.png\" alt=\"adelatef-ok\" width=\"140\" height=\"140\" \/><br \/>\n<!-- .lae-social-list --><br \/>\n<!-- .lae-social-wrap --><br \/>\n<!-- .lae-image-wrapper --><\/p>\n<h6>Sr ABDELLATEF DJILLALAH<\/h6>\n<p>Departamento Halal<br \/>\nAuditor\/Matarife, Halal en los Frigorificos de TEMUCO-CHILE<br \/>\n<!-- .lae-team-member-text --><br \/>\n<!-- .lae-team-member --><br \/>\n<!-- .lae-team-member-wrapper --><br \/>\n<img loading=\"lazy\" decoding=\"async\" title=\"ALI-NORAMBUENA\" src=\"https:\/\/www.chilehalal.com\/wp-content\/uploads\/elementor\/thumbs\/ALI-NORAMBUENA-pumk6bo6phszpdjah9zmr6bxts9kwfvj52vwz2ktiw.jpg\" alt=\"ALI-NORAMBUENA\" width=\"140\" height=\"140\" \/><br \/>\n<!-- .lae-social-list --><br \/>\n<!-- .lae-social-wrap --><br \/>\n<!-- .lae-image-wrapper --><\/p>\n<h6>SR ALI ALEXIS NORAMBUENA<\/h6>\n<p>Departamento Halal<br \/>\nAuditor\/Matarife, Halal en los Frigorificos de OSORNO-CHILE<br \/>\n<!-- .lae-team-member-text --><br \/>\n<!-- .lae-team-member --><br \/>\n<!-- .lae-team-member-wrapper --><br \/>\n<img loading=\"lazy\" decoding=\"async\" title=\"Captura de Pantalla 2022-09-11 a las 20.44.59\" src=\"https:\/\/www.chilehalal.com\/wp-content\/uploads\/elementor\/thumbs\/Captura-de-Pantalla-2022-09-11-a-las-20.44.59-pumn2op3iao2qry02vzg3c9c6vvoin6ntmfo61u8oo.png\" alt=\"Captura de Pantalla 2022-09-11 a las 20.44.59\" width=\"140\" height=\"140\" \/><br \/>\n<!-- .lae-social-list --><br \/>\n<!-- .lae-social-wrap --><br \/>\n<!-- .lae-image-wrapper --><\/p>\n<h6>Sr ALI ALVARO ESCANDON<\/h6>\n<p>Departamento Halal<br \/>\nAuditor\/Matarife Halal en los Frigorificos de OSORNO-CHILE<br \/>\n<!-- .lae-team-member-text --><br \/>\n<!-- .lae-team-member --><br \/>\n<!-- .lae-team-member-wrapper --><br \/>\n<img loading=\"lazy\" decoding=\"async\" title=\"ALI ACHCAR\" src=\"https:\/\/www.chilehalal.com\/wp-content\/uploads\/elementor\/thumbs\/ALI-ACHCAR-pumr9gz1uj2z6ux4lkdxksgar2oeaosjjxwqn09ojc.png\" alt=\"ALI ACHCAR\" width=\"140\" height=\"140\" \/><br \/>\n<!-- .lae-social-list --><br \/>\n<!-- .lae-social-wrap --><br \/>\n<!-- .lae-image-wrapper --><\/p>\n<h6>Pr Ali ACHCAR<\/h6>\n<p>Dep Jurisprudencia<br \/>\nReferente Halal Europa<br \/>\n<!-- .lae-team-member-text --><br \/>\n<!-- .lae-team-member --><br \/>\n<!-- .lae-team-member-wrapper --><br \/>\n<img loading=\"lazy\" decoding=\"async\" title=\"chinchai\" src=\"https:\/\/www.chilehalal.com\/wp-content\/uploads\/elementor\/thumbs\/chinchai-ozmoew14ojphq5nv014wk10it8c5havx1nwnlj673s.png\" alt=\"chinchai\" width=\"140\" height=\"140\" \/><br \/>\n<!-- .lae-social-list --><br \/>\n<!-- .lae-social-wrap --><br \/>\n<!-- .lae-image-wrapper --><\/p>\n<h6>Sr Khaled Chinchay<\/h6>\n<p>Departamento Halal<br \/>\nReferente Halal en Per\u00fa<br \/>\n<!-- .lae-team-member-text --><br \/>\n<!-- .lae-team-member --><br \/>\n<!-- .lae-team-member-wrapper --><br \/>\n<img loading=\"lazy\" decoding=\"async\" title=\"Captura de Pantalla 2022-09-11 a las 23.32.19\" src=\"https:\/\/www.chilehalal.com\/wp-content\/uploads\/elementor\/thumbs\/Captura-de-Pantalla-2022-09-11-a-las-23.32.19-pumufr6msdj0s2x09grz8g8uuldz5vho9ld074ti0o.png\" alt=\"Captura de Pantalla 2022-09-11 a las 23.32.19\" width=\"140\" height=\"140\" \/><br \/>\n<!-- .lae-social-list --><br \/>\n<!-- .lae-social-wrap --><br \/>\n<!-- .lae-image-wrapper --><\/p>\n<h6>SR Abdul HAQ<\/h6>\n<p>Departamento Halal<br \/>\nReferente Halal en Colombia, CIA AL-FALLAH<br \/>\n<!-- .lae-team-member-text --><br \/>\n<!-- .lae-team-member --><br \/>\n<!-- .lae-team-member-wrapper --><br \/>\n<img loading=\"lazy\" decoding=\"async\" title=\"Captura de Pantalla 2022-09-11 a las 20.33.51\" src=\"https:\/\/www.chilehalal.com\/wp-content\/uploads\/elementor\/thumbs\/Captura-de-Pantalla-2022-09-11-a-las-20.33.51-pumt4fz2skrgenn0j0jzqe1mgekvqbo1rf96lqyv7c.png\" alt=\"Captura de Pantalla 2022-09-11 a las 20.33.51\" width=\"140\" height=\"140\" \/><br \/>\n<!-- .lae-social-list --><br \/>\n<!-- .lae-social-wrap --><br \/>\n<!-- .lae-image-wrapper --><\/p>\n<h6>SR AMINE DARROUZI<\/h6>\n<p>Departement Halal<br \/>\nAuditor\/Matarife Halal en los Frigorificos<br \/>\n<!-- .lae-team-member-text --><br \/>\n<!-- .lae-team-member --><br \/>\n<!-- .lae-team-member-wrapper --><br \/>\n<img loading=\"lazy\" decoding=\"async\" title=\"MOHAMMED HESSIN ELMY\" src=\"https:\/\/www.chilehalal.com\/wp-content\/uploads\/elementor\/thumbs\/MOHAMMED-HESSIN-ELMY-pumye6o8dmi60y11kj5uk0cbbhd8irxg6k2p3jmx6g.png\" alt=\"MOHAMMED HESSIN ELMY\" width=\"140\" height=\"140\" \/><br \/>\n<!-- .lae-social-list --><br \/>\n<!-- .lae-social-wrap --><br \/>\n<!-- .lae-image-wrapper --><\/p>\n<h6>SR MOHAMMED HESSIN ELMY<\/h6>\n<p>Departamento Halal<br \/>\nAuditor\/Matarife Halal en Los Frigor\u00edficos Sud Atlantico<br \/>\n<!-- .lae-team-member-text --><br \/>\n<!-- .lae-team-member --><br \/>\n<!-- .lae-team-member-wrapper --><br \/>\n<!-- .lae-team-members -->[\/vc_column_text][\/vc_column][\/vc_row]<\/p>\n","protected":false},"excerpt":{"rendered":"<p>[vc_row][vc_column][vc_column_text]REDES Y NORMAS INTERNACIONALES Contar con una certificaci\u00f3n halal reconocida mejora la calidad de procesos, productos y servicios, aumentando la competitividad y diferenciaci\u00f3n en el mercado. Esta distinci\u00f3n no solo incrementa las ventas, sino que tambi\u00e9n abre puertas a un mercado potencial de m\u00e1s de 2 mil millones de consumidores a nivel mundial. El reconocimiento&hellip;<\/p>\n","protected":false},"author":6,"featured_media":0,"parent":0,"menu_order":0,"comment_status":"closed","ping_status":"closed","template":"","meta":[],"class_list":["post-8114","page","type-page","status-publish","hentry","description-off"],"_links":{"self":[{"href":"https:\/\/www.chilehalal.com\/index.php\/wp-json\/wp\/v2\/pages\/8114","targetHints":{"allow":["GET"]}}],"collection":[{"href":"https:\/\/www.chilehalal.com\/index.php\/wp-json\/wp\/v2\/pages"}],"about":[{"href":"https:\/\/www.chilehalal.com\/index.php\/wp-json\/wp\/v2\/types\/page"}],"author":[{"embeddable":true,"href":"https:\/\/www.chilehalal.com\/index.php\/wp-json\/wp\/v2\/users\/6"}],"replies":[{"embeddable":true,"href":"https:\/\/www.chilehalal.com\/index.php\/wp-json\/wp\/v2\/comments?post=8114"}],"version-history":[{"count":13,"href":"https:\/\/www.chilehalal.com\/index.php\/wp-json\/wp\/v2\/pages\/8114\/revisions"}],"predecessor-version":[{"id":15550,"href":"https:\/\/www.chilehalal.com\/index.php\/wp-json\/wp\/v2\/pages\/8114\/revisions\/15550"}],"wp:attachment":[{"href":"https:\/\/www.chilehalal.com\/index.php\/wp-json\/wp\/v2\/media?parent=8114"}],"curies":[{"name":"wp","href":"https:\/\/api.w.org\/{rel}","templated":true}]}}