{"id":7879,"date":"2018-04-05T15:18:53","date_gmt":"2018-04-05T15:18:53","guid":{"rendered":"http:\/\/www.chilehalal.com\/?page_id=7879"},"modified":"2024-11-22T15:40:55","modified_gmt":"2024-11-22T19:40:55","slug":"nuestra-vision","status":"publish","type":"page","link":"https:\/\/www.chilehalal.com\/index.php\/nuestra-vision\/","title":{"rendered":"Nuestra Visi\u00f3n"},"content":{"rendered":"<p>[vc_row][vc_column width=\u00bb2\/3&#8243;][vc_column_text]<\/p>\n<h3><strong>Visi\u00f3n<\/strong><\/h3>\n<p><strong>ChileHalal<\/strong> aspira a convertirse en el referente l\u00edder en certificaci\u00f3n Halal en Am\u00e9rica Latina, promoviendo la excelencia, integridad y calidad en toda la cadena productiva de alimentos destinados al mercado Halal. Nos comprometemos a estar a la vanguardia de los est\u00e1ndares internacionales, asegurando procesos rigurosos y pr\u00e1cticas \u00e9ticas que promuevan un estilo de vida saludable, tanto en el aspecto f\u00edsico como espiritual. Nuestra visi\u00f3n tambi\u00e9n busca fortalecer los valores \u00e9ticos que beneficien a nuestras comunidades, cultivando la tolerancia, el respeto y el entendimiento mutuo, mientras rescatamos y destacamos el legado cient\u00edfico y cultural que las comunidades musulmanas han aportado al progreso de la humanidad.<\/p>\n<hr \/>\n<h3><strong>Misi\u00f3n<\/strong><\/h3>\n<p>En <strong>ChileHalal<\/strong>, nuestra misi\u00f3n es acompa\u00f1ar a las empresas en el proceso de obtenci\u00f3n de su certificaci\u00f3n Halal, otorg\u00e1ndoles el logotipo distintivo de <strong>ChileHalal<\/strong> junto con un c\u00f3digo personalizado. Este certificado, reconocido globalmente, no solo garantiza la confianza de importadores, gobiernos y consumidores, sino que se convierte en un pilar fundamental para la expansi\u00f3n de las industrias chilenas y sudamericanas en los mercados internacionales. Nos enorgullece ser un puente entre la calidad y las oportunidades globales, facilitando el acceso de nuestros clientes a nuevos horizontes comerciales con la m\u00e1xima credibilidad y responsabilidad.[\/vc_column_text][\/vc_column][vc_column width=\u00bb1\/3&#8243;][vc_single_image image=\u00bb8068&#8243; img_size=\u00bb330&#215;386&#8243; alignment=\u00bbcenter\u00bb style=\u00bbvc_box_shadow_3d\u00bb css_animation=\u00bbfadeInRight\u00bb][\/vc_column][\/vc_row]<\/p>\n","protected":false},"excerpt":{"rendered":"<p>[vc_row][vc_column width=\u00bb2\/3&#8243;][vc_column_text] Visi\u00f3n ChileHalal aspira a convertirse en el referente l\u00edder en certificaci\u00f3n Halal en Am\u00e9rica Latina, promoviendo la excelencia, integridad y calidad en toda la cadena productiva de alimentos destinados al mercado Halal. Nos comprometemos a estar a la vanguardia de los est\u00e1ndares internacionales, asegurando procesos rigurosos y pr\u00e1cticas \u00e9ticas que promuevan un estilo&hellip;<\/p>\n","protected":false},"author":6,"featured_media":0,"parent":0,"menu_order":0,"comment_status":"closed","ping_status":"closed","template":"","meta":[],"class_list":["post-7879","page","type-page","status-publish","hentry","description-off"],"_links":{"self":[{"href":"https:\/\/www.chilehalal.com\/index.php\/wp-json\/wp\/v2\/pages\/7879","targetHints":{"allow":["GET"]}}],"collection":[{"href":"https:\/\/www.chilehalal.com\/index.php\/wp-json\/wp\/v2\/pages"}],"about":[{"href":"https:\/\/www.chilehalal.com\/index.php\/wp-json\/wp\/v2\/types\/page"}],"author":[{"embeddable":true,"href":"https:\/\/www.chilehalal.com\/index.php\/wp-json\/wp\/v2\/users\/6"}],"replies":[{"embeddable":true,"href":"https:\/\/www.chilehalal.com\/index.php\/wp-json\/wp\/v2\/comments?post=7879"}],"version-history":[{"count":8,"href":"https:\/\/www.chilehalal.com\/index.php\/wp-json\/wp\/v2\/pages\/7879\/revisions"}],"predecessor-version":[{"id":15534,"href":"https:\/\/www.chilehalal.com\/index.php\/wp-json\/wp\/v2\/pages\/7879\/revisions\/15534"}],"wp:attachment":[{"href":"https:\/\/www.chilehalal.com\/index.php\/wp-json\/wp\/v2\/media?parent=7879"}],"curies":[{"name":"wp","href":"https:\/\/api.w.org\/{rel}","templated":true}]}}