{"id":5242,"date":"2016-01-08T13:41:29","date_gmt":"2016-01-08T13:41:29","guid":{"rendered":"http:\/\/www.chilehalal.com\/?page_id=5242"},"modified":"2022-03-08T11:08:02","modified_gmt":"2022-03-08T11:08:02","slug":"c-l-a-c-h","status":"publish","type":"page","link":"https:\/\/www.chilehalal.com\/index.php\/c-l-a-c-h\/","title":{"rendered":"Norma Halal"},"content":{"rendered":"<p><img decoding=\"async\" width=\"960\" height=\"465\" src=\"https:\/\/www.chilehalal.com\/wp-content\/uploads\/2022\/03\/N.H.L.A-2022-CHILEHALAL-960x465.png\" alt=\"\" loading=\"lazy\" srcset=\"https:\/\/www.chilehalal.com\/wp-content\/uploads\/2022\/03\/N.H.L.A-2022-CHILEHALAL-960x465.png 960w, https:\/\/www.chilehalal.com\/wp-content\/uploads\/2022\/03\/N.H.L.A-2022-CHILEHALAL-595x288.png 595w, https:\/\/www.chilehalal.com\/wp-content\/uploads\/2022\/03\/N.H.L.A-2022-CHILEHALAL-768x372.png 768w, https:\/\/www.chilehalal.com\/wp-content\/uploads\/2022\/03\/N.H.L.A-2022-CHILEHALAL-1536x745.png 1536w, https:\/\/www.chilehalal.com\/wp-content\/uploads\/2022\/03\/N.H.L.A-2022-CHILEHALAL.png 1700w\" sizes=\"auto, (max-width: 960px) 100vw, 960px\" \/>\t\t\t\t\t\t\t\t\t\t\t\t\t\t<\/p>\n<h2 style=\"text-align: center;\">NUEVA NORMAL HALAL N.H.L.A 2020 3.0<\/h2>\n<p>Estimados socios,<\/p>\n<p>Nos complace ofrecerle la nueva versi\u00f3n de nuestro est\u00e1ndar Halal, \u00bb N.H.L.A 2020 3.0 \u00bb.<\/p>\n<p>Despu\u00e9s de m\u00e1s 10 a\u00f1os de investigaci\u00f3n, en el Departamento de investigaci\u00f3n Halal del Comit\u00e9 de Certificaci\u00f3n Halal Sudamericano y el Centro de Certificaci\u00f3n Halal de Chile, la nueva norma Halal est\u00e1 a la venta en l\u00ednea.<br \/>Puede comprarla desde ahora en el siguiente enlace de Internet de WELCU por el valor de 25.000 Pesos chilenos, lo que le permitir\u00e1 recibir la norma en formato P.D.F por email y sus actualizaciones durante 2 a\u00f1os.<\/p>\n<p>Le agradecemos la confianza que deposita en nuestra Certificadora Halal, CHILEHALAL,<\/p>\n<p>Atentamente.<\/p>\n<h3>\n\t\t\t\t\tCOMPRE<br \/>\n\t\t\t\t\tAQU\u00cd<br \/>\n\t\t\t\t<\/h3>\n<form action=\"https:\/\/www.paypal.com\/cgi-bin\/webscr\" method=\"post\" target=\"_blank\">\n\t\t\t<input type=\"hidden\" name=\"cmd\" value=\"_xclick\" \/><br \/>\n\t\t\t<input type=\"hidden\" name=\"business\" value=\"hidalgo@chilehalal.com\" \/><br \/>\n\t\t\t<input type=\"hidden\" name=\"lc\" value=\"US\" \/><br \/>\n\t\t\t<input type=\"hidden\" name=\"item_name\" value=\"NORMA HALAL 3.0\" \/><br \/>\n\t\t\t<input type=\"hidden\" name=\"item_number\" value=\"\" \/><br \/>\n\t\t\t<input type=\"hidden\" name=\"currency_code\" value=\"USD\" \/><br \/>\n\t\t\t<input type=\"hidden\" name=\"amount\" value=\"31\" \/><br \/>\n\t\t\t<input type=\"hidden\" name=\"no_note\" value=\"1\"><br \/>\n\t\t\t\t\t\t\t<input type=\"hidden\" name=\"shipping\" value=\"0\" \/><br \/>\n\t\t\t\t<input type=\"hidden\" name=\"tax_rate\" value=\"0\" \/><br \/>\n\t\t\t\t<input type=\"hidden\" name=\"quantity\" value=\"1\" \/><br \/>\n\t\t\t\t\t\t<button role=\"button\" type=\"submit\"><br \/>\n\t\t\t\t\t\tCompre Ahora su norma Halal 3.0<br \/>\n\t\t\t\t<\/button><br \/>\n\t\t\t\t<\/form>\n<h3>\n\t\t\t\t\t(Versi\u00f3n  2012<br \/>\n\t\t\t\t\tGratis)<br \/>\n\t\t\t\t<\/h3>\n<p>\t\t\u00a0<\/p>\n<h1 style=\"text-align: center;\">N.H.L.A<\/h1>\n<p style=\"text-align: center;\"><strong>Norma Halal Latino Americana<\/strong><\/p>\n<p style=\"text-align: center;\"><strong>COMIT\u00c9 LATINOAMERICANO DE CERTIFICACI\u00d3N HALAL<\/strong><\/p>\n<p><strong>Nuestra Misi\u00f3n:<\/strong><\/p>\n<p>El Comit\u00e9 Latinoamericano de Certificaci\u00f3n Halal (C.L.A.C.H) es el organismo encargado de garantizar productos de excelencia calidad de acuerdo a los est\u00e1ndares establecidos por la legislaci\u00f3n isl\u00e1mica, que adem\u00e1s gocen de alto valor nutricional o manufacturas de excelencia, respondiendo de esta forma a sus necesidades particulares como comunidad religiosa, sin descuidar su salud y bienestar.<\/p>\n<p>Todo lo anterior bas\u00e1ndose en los s\u00f3lidos principios y valores establecidos por Allah, que fueron transmitidos a la humanidad a trav\u00e9s de la legislaci\u00f3n isl\u00e1mica y que se sustentan a las ense\u00f1anzas de Cor\u00e1n y la Sunna (Tradici\u00f3n Isl\u00e1mica).<\/p>\n<p><strong>Tal como dice Allah en el Sagrado Cor\u00e1n:<\/strong><\/p>\n<p>\u201c(Muhammad, saw) les permite todo lo beneficioso y les proh\u00edbe lo perjudicial.\u201d 7:157<\/p>\n<p>\u00ab\u00c9l (Allah) te detalla lo que \u00c9l ha prohibido [para el consumo]\u00bb 6:119<\/p>\n<p><strong>Nuestro Objetivo:<\/strong><\/p>\n<p>Promover la transparencia y rigor de los m\u00e9todos de verificaci\u00f3n y control utilizados como criterios base para la certificaci\u00f3n de alimentos y procesos bajo el sello Halal.<\/p>\n<p>Velar por el uso responsable del sello Halal en Am\u00e9rica Latina.<br \/>Acreditar a los organismos responsables y competentes en los procesos de auditor\u00eda y certificaci\u00f3n de productos y procesos.<br \/>Vigilar y controlar el funcionamiento de los organismos de auditor\u00eda.<br \/>Sancionar hasta con la p\u00e9rdida de la acreditaci\u00f3n a aquellos entes de auditor\u00eda o empresas que no cumplan con los requisitos y procedimientos establecidos por esta norma.<br \/>Proveer a las empresas, consumidores, entidades oficiales y dem\u00e1s partes interesadas informaci\u00f3n objetiva, fiable, imparcial y exacta acerca de la gesti\u00f3n de este comit\u00e9 y de los organismos que de \u00e9l dependen, as\u00ed como de los principios, valores y normas isl\u00e1micas en los que se basan los requisitos de esta norma.<\/p>\n<p><strong>COMPOSICI\u00d3N DEL COMIT\u00c9 LATINOAMERICANO DE CERTIFICACI\u00d3N HALAL (C.L.A.C.H)<\/strong><\/p>\n<p>La junta directiva del Comit\u00e9 latinoamericano de Certificaci\u00f3n Halal (C.L.A.C.H), cuyas condiciones para nombramiento y remoci\u00f3n de sus miembros se encuentran regidas por los dispuestos en sus estatutos, estar\u00e1 compuesto de la siguiente forma:<\/p>\n<p>Un miembro designado por el Centro de Certificaci\u00f3n Halal de Chile (Chilehalal), en calidad de miembro fundador.<br \/>Un miembro designado por las mezquitas u organizaciones Isl\u00e1micas que formen parte de la asamblea general.<br \/>Un miembro designado por los organismos de certificaci\u00f3n que hagan parte de la asamblea general.<br \/>Un miembro designado por las organizaciones de consumidores pertenecientes a la asamblea general.<br \/>Un Imam designado por sus pares pertenecientes a la asamblea general.<\/p>\n<p><strong>LOS ENTES CERTIFICADORES Y ORGANISMOS DE CONTROL Y VIGILANCIA<\/strong><\/p>\n<p>El control y vigilancia de las empresas productoras de alimentos aptos para el consumo de las comunidades musulmanas, etiquetados bajo el sello Halal, los cuales se encuentran tipificados en las Directrices Generales para el uso del T\u00e9rmino Halal, CAC\/GL 24- 1997 de la Comisi\u00f3n del Codex Alimentarius, as\u00ed como la certificaci\u00f3n de los productos etiquetados con este sello, se encontrar\u00e1 bajo potestad de las autoridades designadas por los entes gubernamentales para tal efecto y del Comit\u00e9 latinoamericano de Certificaci\u00f3n Halal (CLACH), por intermedio de las empresas certificadoras autorizadas para tal fin.<\/p>\n<p><b>ENCARGADOS DE LA AUDITOR\u00cdA Y CERTIFICACI\u00d3N<\/b><\/p>\n<p>Los organismos de auditor\u00eda, control y certificaci\u00f3n son organizaciones no gubernamentales sin \u00e1nimo de lucro ni vinculaci\u00f3n comercial o personal alguna con las empresas auditadas, solo velamos por la correcta aplicaci\u00f3n de esta norma Halal a nivel de las empresas, funci\u00f3n que realizaremos de manera \u00e9tica, transparente y respetuosa.<\/p>\n<p><strong>LOS AUDITORES<\/strong><\/p>\n<p>Los auditores son las personas designadas por el organismo auditor a fin de verificar en campo el cumplimiento y correcta aplicaci\u00f3n de esta norma Halal dentro de los diferentes procesos y verificar la veracidad de la informaci\u00f3n consignada en los registros de los diferentes procesos de la empresa auditada.<\/p>\n<p><strong>Requisitos para el Auditor:<\/strong><\/p>\n<p>Ser musulm\u00e1n practicante y mayor de edad.<br \/>Demostrar competencia para el \u00f3ptimo desempe\u00f1o del cargo.<br \/>Ser una persona reconocida dentro de su comunidad por su comportamiento \u00e9tico e \u00edntegro.<br \/>No poseer ning\u00fan v\u00ednculo comercial, laboral o personal con la empresa auditada.<\/p>\n<p><strong>Funciones del Auditor:<\/strong><\/p>\n<p>Velar por la correcta aplicaci\u00f3n de la norma Halal dentro de los diferentes procesos de la cadena productiva (antes, durante y el despu\u00e9s de cada faena)<br \/>Verificar la veracidad de la informaci\u00f3n consignada en los registros obligatorios dentro del sistema de gesti\u00f3n de la calidad Halal.<br \/>Diferenciar mediante una marca previamente establecida (Sello o logotipo) los productos y\/o lotes de productos fabricados bajo estricto complimiento de esta norma, los cuales ser\u00e1n expendidos con el sello Halal.<br \/>Informar al ente encargado de la auditor\u00eda y certificaci\u00f3n, y a la directiva de la empresa auditada acerca de las anomal\u00edas encontradas en las empresas auditadas y los riesgos que dentro del proceso productivo existan.<br \/>Velar por la integridad de los instrumentos, materiales y equipos utilizados para el \u00f3ptimo cumplimiento de su labor.<\/p>\n<p style=\"text-align: center;\"><iframe loading=\"lazy\" style=\"width: 875px; height: 523px;\" src=\"https:\/\/www.chilehalal.com\/wp-content\/uploads\/2013\/08\/Norma-Halal-C.L.A.C.H.pdf\" width=\"100px\" height=\"650\" frameborder=\"0\"><\/iframe><\/p>\n<p>[\/vc_column_text][\/vc_column][\/vc_row]<\/p>\n","protected":false},"excerpt":{"rendered":"<p>NUEVA NORMAL HALAL N.H.L.A 2020 3.0 Estimados socios, Nos complace ofrecerle la nueva versi\u00f3n de nuestro est\u00e1ndar Halal, \u00bb N.H.L.A 2020 3.0 \u00bb. Despu\u00e9s de m\u00e1s 10 a\u00f1os de investigaci\u00f3n, en el Departamento de investigaci\u00f3n Halal del Comit\u00e9 de Certificaci\u00f3n Halal Sudamericano y el Centro de Certificaci\u00f3n Halal de Chile, la nueva norma Halal est\u00e1&hellip;<\/p>\n","protected":false},"author":6,"featured_media":0,"parent":0,"menu_order":0,"comment_status":"closed","ping_status":"closed","template":"","meta":[],"class_list":["post-5242","page","type-page","status-publish","hentry","description-off"],"_links":{"self":[{"href":"https:\/\/www.chilehalal.com\/index.php\/wp-json\/wp\/v2\/pages\/5242","targetHints":{"allow":["GET"]}}],"collection":[{"href":"https:\/\/www.chilehalal.com\/index.php\/wp-json\/wp\/v2\/pages"}],"about":[{"href":"https:\/\/www.chilehalal.com\/index.php\/wp-json\/wp\/v2\/types\/page"}],"author":[{"embeddable":true,"href":"https:\/\/www.chilehalal.com\/index.php\/wp-json\/wp\/v2\/users\/6"}],"replies":[{"embeddable":true,"href":"https:\/\/www.chilehalal.com\/index.php\/wp-json\/wp\/v2\/comments?post=5242"}],"version-history":[{"count":80,"href":"https:\/\/www.chilehalal.com\/index.php\/wp-json\/wp\/v2\/pages\/5242\/revisions"}],"predecessor-version":[{"id":14073,"href":"https:\/\/www.chilehalal.com\/index.php\/wp-json\/wp\/v2\/pages\/5242\/revisions\/14073"}],"wp:attachment":[{"href":"https:\/\/www.chilehalal.com\/index.php\/wp-json\/wp\/v2\/media?parent=5242"}],"curies":[{"name":"wp","href":"https:\/\/api.w.org\/{rel}","templated":true}]}}