{"id":2912,"date":"2014-05-10T20:41:54","date_gmt":"2014-05-10T20:41:54","guid":{"rendered":"http:\/\/www.chilehalal.com\/?page_id=2912"},"modified":"2024-11-22T15:35:50","modified_gmt":"2024-11-22T19:35:50","slug":"our-origin","status":"publish","type":"page","link":"https:\/\/www.chilehalal.com\/index.php\/our-origin\/","title":{"rendered":"\u00bfQui\u00e9nes Somos?"},"content":{"rendered":"<p>[vc_row][vc_column][vc_column_text]<img decoding=\"async\" title=\"logo chilehalal 2020\" src=\"https:\/\/www.chilehalal.com\/wp-content\/uploads\/elementor\/thumbs\/logo-chilehalal-2020--p3qu0ncc3n2ra1if3qo92lp8f6zpzf16x0jc5w746g.png\" alt=\"logo chilehalal 2020\" \/><\/p>\n<h3><strong>Generamos Oportunidades Internacionales<\/strong><\/h3>\n<p>En ChileHalal, nos especializamos en certificar productos para el mercado halal, ayudando a empresas a superar los desaf\u00edos de ingresar a mercados internacionales con estrictos requisitos. Contamos con la acreditaci\u00f3n de Indonesia, y la de Emiratos \u00c1rabes Unidos. Adem\u00e1s, participamos activamente en eventos globales como la 10\u00aa Halal Expo Food, donde hemos destacado nuestros servicios. Nos comprometemos a elevar el valor de su marca y asegurar su \u00e9xito en el mundo halal.<\/p>\n<p>En 2023, ChileHalal &amp; Halal Food International export\u00f3 m\u00e1s de 75,000 toneladas de carne y 850,000 toneladas de alimentos certificados a m\u00e1s de 85 pa\u00edses, asegurando calidad y seguridad. Todos nuestros certificados siguen la norma N.H.L.A. (Norma Halal Latinoamericana), lo que respalda nuestros rigurosos m\u00e9todos de control y certificaci\u00f3n. A trav\u00e9s de procesos exhaustivos, nuestro sello \u00abHalal\u00bb solo se otorga tras verificar la conformidad de cada etapa de producci\u00f3n.<\/p>\n<p>&nbsp;<\/p>\n<p><strong>Nos comprometemos en cumplir con nuestros siguientes objetivos<\/strong><\/p>\n<ul>\n<li>Facilitamos la entrada de empresas sudamericanas a este mercado.<\/li>\n<li>Realizamos auditor\u00edas para cumplir con los est\u00e1ndares internacionales.<\/li>\n<li>Supervisamos la producci\u00f3n de los alimentos y productos destinados a la exportaci\u00f3n.<\/li>\n<li>Certificamos empresas y productos para mercados internacionales.<\/li>\n<li>Apoyamos el desarrollo de nuevas certificadoras.<\/li>\n<li>Capacitamos a profesionales.<\/li>\n<li>Organizamos eventos nacionales e internacionales.<\/li>\n<li>Representamos al Comit\u00e9 Latinoamericano de Certificaci\u00f3n Halal.<\/li>\n<li>Apoyamos proyectos clave en esta industria.<\/li>\n<li>Defendemos los derechos del consumidor halal.<\/li>\n<\/ul>\n<p>&nbsp;<\/p>\n<p><img loading=\"lazy\" decoding=\"async\" src=\"https:\/\/www.chilehalal.com\/wp-content\/uploads\/2018\/04\/quienes-somos-officina.png\" alt=\"\" width=\"330\" height=\"440\" \/><\/p>\n<p><strong>Historia<\/strong><\/p>\n<p>El Centro de Certificaci\u00f3n Halal de Chile fue fundado el 25 de septiembre de 2010 por un equipo de especialistas universitarios y cient\u00edficos de la religi\u00f3n musulmana, quienes colaboran en un ambiente multidisciplinario. Este equipo incluye auditores y consultores especializados en mercados internacionales.<\/p>\n<p>Nuestro equipo, con m\u00e1s de 37 a\u00f1os de experiencia en el mercado halal y 15 a\u00f1os en Chile, ha decidido dirigir sus esfuerzos hacia toda Am\u00e9rica Latina.<\/p>\n<p>&nbsp;<\/p>\n<p>&nbsp;<\/p>\n<h3><strong>Estructura Organizacional del Centro de Certificaci\u00f3n Halal<\/strong><\/h3>\n<ol>\n<li><strong>Direcci\u00f3n General<\/strong>\n<ul>\n<li><strong>Pr Abdelnour Hidalgo<\/strong><br \/>\n<em>Gerente General del H.F.I. y Centro de Certificaci\u00f3n Halal de Chile<\/em><\/li>\n<\/ul>\n<\/li>\n<li><strong>Directorio<\/strong>\n<ul>\n<li><strong>Sr. Gerardo Gonz\u00e1lez<\/strong><br \/>\n<em>Relaciones P\u00fablicas, Administraci\u00f3n GENIUS COMPANY<\/em><\/li>\n<\/ul>\n<\/li>\n<\/ol>\n<hr \/>\n<h3><strong>Relaciones Internacionales<\/strong><\/h3>\n<ul>\n<li><strong>Mr. Rachid Gacem<\/strong><br \/>\n<em>Representante de Chilehalal en ASEAN y Medio Oriente<\/em><\/li>\n<li><strong>Sr. Mete Durmaz<\/strong><br \/>\n<em>Consultor de Chilehalal en Estambul (Relaciones Internacionales)<\/em><\/li>\n<li><strong>Sr. Hassan Mourat<\/strong><br \/>\n<em>Representante en Arabia Saudita para Chilehalal<\/em><\/li>\n<\/ul>\n<hr \/>\n<h3><strong>Departamento Halal<\/strong><\/h3>\n<ul>\n<li><strong>Lic. Burak \u00d6zbilgi<\/strong><br \/>\n<em>Ingeniero Agr\u00f3nomo y Procesos de Alimentos, Universidad de Ankara<\/em><\/li>\n<li><strong>Sr. Ali Guti\u00e9rrez<\/strong><br \/>\n<em>Auditor\/Matarife, Halal en los Frigor\u00edficos de Coyhaique, Chile<\/em><\/li>\n<li><strong>Sr. Lokman Lucio P\u00e9rez<\/strong><br \/>\n<em>Auditor\/Matarife, Halal en los Frigor\u00edficos de Osorno, Chile<\/em><\/li>\n<li><strong>Sr. Fares Alvaro Ordeix<\/strong><br \/>\n<em>Auditor\/Matarife, Halal en los Frigor\u00edficos de Valdivia, Chile<\/em><\/li>\n<li><strong>Sr. Omar Leonardo Inostroza<\/strong><br \/>\n<em>Auditor y Encargado del Ritual Halal en Frigor\u00edficos<\/em><\/li>\n<li><strong>Sr. Ali Mat\u00edas Molina<\/strong><br \/>\n<em>Auditor\/Matarife, Halal en los Frigor\u00edficos<\/em><\/li>\n<li><strong>Sr. Imran Mohamed<\/strong><br \/>\n<em>Auditor\/Matarife, Halal en los Frigor\u00edficos<\/em><\/li>\n<li><strong>Sr. Abdellatef Djillalah<\/strong><br \/>\n<em>Auditor\/Matarife, Halal en los Frigor\u00edficos de Temuco, Chile<\/em><\/li>\n<li><strong>Sr. Ali Alexis Norambuena<\/strong><br \/>\n<em>Auditor\/Matarife, Halal en los Frigor\u00edficos de Osorno, Chile<\/em><\/li>\n<li><strong>Sr. Ali Alvaro Escandon<\/strong><br \/>\n<em>Auditor\/Matarife, Halal en los Frigor\u00edficos de Osorno, Chile<\/em><\/li>\n<li><strong>Sr. Amine Darrouzi<\/strong><br \/>\n<em>Auditor\/Matarife, Halal en los Frigor\u00edficos Sud Atl\u00e1ntico<\/em><\/li>\n<li><strong>Sr. Mohammed Hessin Elmy<\/strong><br \/>\n<em>Auditor\/Matarife, Halal en los Frigor\u00edficos Sud Atl\u00e1ntico<\/em><\/li>\n<\/ul>\n<hr \/>\n<h3><strong>Departamento Jurisprudencia<\/strong><\/h3>\n<ul>\n<li><strong>Pr. Isa Garc\u00eda<\/strong><br \/>\n<em>Referente Halal en Colombia<\/em><\/li>\n<li><strong>Pr. Ali Achcar<\/strong><br \/>\n<em>Referente Halal en Europa<\/em><\/li>\n<\/ul>\n<hr \/>\n<h3><strong>Departamento de Finanzas<\/strong><\/h3>\n<ul>\n<li><strong>Sonia Amanda Vald\u00e9s<\/strong><br \/>\n<em>Gerente de Finanzas para Chilehalal y H.F.I.<\/em><\/li>\n<\/ul>\n<hr \/>\n<h3><strong>Departamento de Comercio Internacional (COMEX)<\/strong><\/h3>\n<ul>\n<li><strong>Sr. Jorge Hidalgo<\/strong><br \/>\n<em>Director del Departamento de Comercio Internacional de Empresas Asociadas<\/em><\/li>\n<\/ul>\n<hr \/>\n<h3><strong>Otros Roles de Referencia y Consultor\u00eda<\/strong><\/h3>\n<ul>\n<li><strong>Sr. Abdul Haq<\/strong><br \/>\n<em>Referente Halal en Colombia, CIA AL-FALLAH<\/em><\/li>\n<li><strong>Sr. Khaled Chinchay<\/strong><br \/>\n<em>Referente Halal en Per\u00fa<\/em><\/li>\n<\/ul>\n<p>&nbsp;[\/vc_column_text][\/vc_column][\/vc_row]<\/p>\n","protected":false},"excerpt":{"rendered":"<p>[vc_row][vc_column][vc_column_text] Generamos Oportunidades Internacionales En ChileHalal, nos especializamos en certificar productos para el mercado halal, ayudando a empresas a superar los desaf\u00edos de ingresar a mercados internacionales con estrictos requisitos. Contamos con la acreditaci\u00f3n de Indonesia, y la de Emiratos \u00c1rabes Unidos. Adem\u00e1s, participamos activamente en eventos globales como la 10\u00aa Halal Expo Food, donde&hellip;<\/p>\n","protected":false},"author":6,"featured_media":0,"parent":0,"menu_order":0,"comment_status":"closed","ping_status":"closed","template":"","meta":[],"class_list":["post-2912","page","type-page","status-publish","hentry","description-off"],"_links":{"self":[{"href":"https:\/\/www.chilehalal.com\/index.php\/wp-json\/wp\/v2\/pages\/2912","targetHints":{"allow":["GET"]}}],"collection":[{"href":"https:\/\/www.chilehalal.com\/index.php\/wp-json\/wp\/v2\/pages"}],"about":[{"href":"https:\/\/www.chilehalal.com\/index.php\/wp-json\/wp\/v2\/types\/page"}],"author":[{"embeddable":true,"href":"https:\/\/www.chilehalal.com\/index.php\/wp-json\/wp\/v2\/users\/6"}],"replies":[{"embeddable":true,"href":"https:\/\/www.chilehalal.com\/index.php\/wp-json\/wp\/v2\/comments?post=2912"}],"version-history":[{"count":416,"href":"https:\/\/www.chilehalal.com\/index.php\/wp-json\/wp\/v2\/pages\/2912\/revisions"}],"predecessor-version":[{"id":15533,"href":"https:\/\/www.chilehalal.com\/index.php\/wp-json\/wp\/v2\/pages\/2912\/revisions\/15533"}],"wp:attachment":[{"href":"https:\/\/www.chilehalal.com\/index.php\/wp-json\/wp\/v2\/media?parent=2912"}],"curies":[{"name":"wp","href":"https:\/\/api.w.org\/{rel}","templated":true}]}}