{"id":100,"date":"2011-12-28T17:18:20","date_gmt":"2011-12-28T17:18:20","guid":{"rendered":"http:\/\/www.chilehalal.com\/?page_id=100"},"modified":"2025-01-07T11:28:59","modified_gmt":"2025-01-07T15:28:59","slug":"contact","status":"publish","type":"page","link":"https:\/\/www.chilehalal.com\/index.php\/contact\/","title":{"rendered":"Contacto"},"content":{"rendered":"<p>[vc_row][vc_column][vc_single_image image=\u00bb10076&#8243; img_size=\u00bblarge\u00bb][vc_custom_heading text=\u00bbInformaci\u00f3n de Contacto del Centro de Certificaci\u00f3n Halal\u00bb font_container=\u00bbtag:h2|text_align:right\u00bb google_fonts=\u00bbfont_family:Montserrat%3Aregular%2C700|font_style:400%20regular%3A400%3Anormal\u00bb][vc_empty_space][vc_row_inner][vc_column_inner width=\u00bb1\/3&#8243;][vc_column_text]<i class=\"fab fa-whatsapp\"><\/i> : +33.658.017.027 (Solo WhatsApp)<\/p>\n<p><i class=\"fab fa-whatsapp\"><\/i>: +56.961.364.937 (Solo WhatsApp)<i class=\"fas fa-phone-volume\"><\/i><i class=\"fas fa-fax\"><\/i><\/p>\n<p><i class=\"far fa-envelope\"><\/i> gerencia@chilehalal.com<\/p>\n<p><i class=\"fab fa-skype\"><\/i> @HalalExpoChile<\/p>\n<p>&nbsp;<\/p>\n<p>&nbsp;<\/p>\n<p>&nbsp;<\/p>\n<p>Direcci\u00f3n oficina de Vi\u00f1a del Mar: Viana 915, Vi\u00f1a del Mar, Regi\u00f3n de Valpara\u00edso, CHILE<\/p>\n<p>&nbsp;<\/p>\n<p><i class=\"far fa-clock\"><\/i> : LUNES A VIERNES DE 09:00 &#8211; 17:00 HORAS[\/vc_column_text][\/vc_column_inner][vc_column_inner width=\u00bb2\/3&#8243;][vc_raw_html css=\u00bb.vc_custom_1613339916263{background-color: #ffffff !important;}\u00bb]JTNDaWZyYW1lJTIwc3JjJTNEJTIyaHR0cHMlM0ElMkYlMkZ3d3cuZ29vZ2xlLmNvbSUyRm1hcHMlMkZlbWJlZCUzRnBiJTNEJTIxMW0xOCUyMTFtMTIlMjExbTMlMjExZDMzNDUuMTQxNDM4OTY3MDA2NyUyMTJkLTcxLjU1MTE5NjY4NDgxMTU3JTIxM2QtMzMuMDI2NDAzOTgwODk3MzU2JTIxMm0zJTIxMWYwJTIxMmYwJTIxM2YwJTIxM20yJTIxMWkxMDI0JTIxMmk3NjglMjE0ZjEzLjElMjEzbTMlMjExbTIlMjExczB4OTY4OWRlMGFkNWQ5ZWMxNyUyNTNBMHg3MGMxNWMyNGMzOGQwZmZjJTIxMnNWaWFuYSUyNTIwOTE1JTI1MkMlMjUyMFZpJTI1QzMlMjVCMWElMjUyMGRlbCUyNTIwTWFyJTI1MkMlMjUyMFZhbHBhcmElMjVDMyUyNUFEc28lMjE1ZTAlMjEzbTIlMjExc2VzJTIxMnNjbCUyMTR2MTYxMzMzOTgyMTE1MyUyMTVtMiUyMTFzZXMlMjEyc2NsJTIyJTIwd2lkdGglM0QlMjI2MDAlMjIlMjBoZWlnaHQlM0QlMjI0NTAlMjIlMjBmcmFtZWJvcmRlciUzRCUyMjAlMjIlMjBzdHlsZSUzRCUyMmJvcmRlciUzQTAlM0IlMjIlMjBhbGxvd2Z1bGxzY3JlZW4lM0QlMjIlMjIlMjBhcmlhLWhpZGRlbiUzRCUyMmZhbHNlJTIyJTIwdGFiaW5kZXglM0QlMjIwJTIyJTNFJTNDJTJGaWZyYW1lJTNF[\/vc_raw_html][\/vc_column_inner][\/vc_row_inner][vc_empty_space][vc_empty_space][vc_row_inner][vc_column_inner width=\u00bb1\/6&#8243;][\/vc_column_inner][vc_column_inner width=\u00bb1\/6&#8243;][\/vc_column_inner][\/vc_row_inner][\/vc_column][\/vc_row]<\/p>\n","protected":false},"excerpt":{"rendered":"<p>[vc_row][vc_column][vc_single_image image=\u00bb10076&#8243; img_size=\u00bblarge\u00bb][vc_custom_heading text=\u00bbInformaci\u00f3n de Contacto del Centro de Certificaci\u00f3n Halal\u00bb font_container=\u00bbtag:h2|text_align:right\u00bb google_fonts=\u00bbfont_family:Montserrat%3Aregular%2C700|font_style:400%20regular%3A400%3Anormal\u00bb][vc_empty_space][vc_row_inner][vc_column_inner width=\u00bb1\/3&#8243;][vc_column_text] : +33.658.017.027 (Solo WhatsApp) : +56.961.364.937 (Solo WhatsApp) gerencia@chilehalal.com @HalalExpoChile &nbsp; &nbsp; &nbsp; Direcci\u00f3n oficina de Vi\u00f1a del Mar: Viana 915, Vi\u00f1a del Mar, Regi\u00f3n de Valpara\u00edso, CHILE &nbsp; : LUNES A VIERNES DE 09:00 &#8211; 17:00 HORAS[\/vc_column_text][\/vc_column_inner][vc_column_inner width=\u00bb2\/3&#8243;][vc_raw_html css=\u00bb.vc_custom_1613339916263{background-color: #ffffff&hellip;<\/p>\n","protected":false},"author":6,"featured_media":5037,"parent":0,"menu_order":0,"comment_status":"closed","ping_status":"closed","template":"","meta":[],"class_list":["post-100","page","type-page","status-publish","has-post-thumbnail","hentry","description-off"],"_links":{"self":[{"href":"https:\/\/www.chilehalal.com\/index.php\/wp-json\/wp\/v2\/pages\/100","targetHints":{"allow":["GET"]}}],"collection":[{"href":"https:\/\/www.chilehalal.com\/index.php\/wp-json\/wp\/v2\/pages"}],"about":[{"href":"https:\/\/www.chilehalal.com\/index.php\/wp-json\/wp\/v2\/types\/page"}],"author":[{"embeddable":true,"href":"https:\/\/www.chilehalal.com\/index.php\/wp-json\/wp\/v2\/users\/6"}],"replies":[{"embeddable":true,"href":"https:\/\/www.chilehalal.com\/index.php\/wp-json\/wp\/v2\/comments?post=100"}],"version-history":[{"count":119,"href":"https:\/\/www.chilehalal.com\/index.php\/wp-json\/wp\/v2\/pages\/100\/revisions"}],"predecessor-version":[{"id":15617,"href":"https:\/\/www.chilehalal.com\/index.php\/wp-json\/wp\/v2\/pages\/100\/revisions\/15617"}],"wp:featuredmedia":[{"embeddable":true,"href":"https:\/\/www.chilehalal.com\/index.php\/wp-json\/wp\/v2\/media\/5037"}],"wp:attachment":[{"href":"https:\/\/www.chilehalal.com\/index.php\/wp-json\/wp\/v2\/media?parent=100"}],"curies":[{"name":"wp","href":"https:\/\/api.w.org\/{rel}","templated":true}]}}